{"id":8,"date":"2024-04-29T23:27:19","date_gmt":"2024-04-29T21:27:19","guid":{"rendered":"https:\/\/aprendeypasa.com\/apoyo-extra-escolar\/finalizar-compra\/"},"modified":"2025-07-07T11:22:44","modified_gmt":"2025-07-07T15:22:44","slug":"finalizar-compra","status":"publish","type":"page","link":"https:\/\/aprendeypasa.com\/apoyo-extra-escolar\/finalizar-compra\/","title":{"rendered":"Finalizar compra"},"content":{"rendered":"\n<div class=\"wp-block-columns is-layout-flex wp-container-core-columns-is-layout-28f84493 wp-block-columns-is-layout-flex\">\n<div class=\"wp-block-column is-layout-flow wp-block-column-is-layout-flow\"><\/div>\n\n\n\n<div class=\"wp-block-column is-layout-flow wp-block-column-is-layout-flow\">\n<h5 class=\"wp-block-heading has-text-align-right\">Tasa del d\u00eda del B.C.V.<\/h5>\n<\/div>\n\n\n\n<div class=\"wp-block-column is-layout-flow wp-block-column-is-layout-flow\"><div class='yay-currency-single-page-switcher'>\n\n\t<form action-xhr=\"https:\/\/aprendeypasa.com\/apoyo-extra-escolar\" method='POST' class='yay-currency-form-switcher'>\n\t\t<input type=\"hidden\" class=\"yay-currency-nonce\" name=\"yay-currency-nonce\" value=\"99502a01af\" \/><input type=\"hidden\" name=\"_wp_http_referer\" value=\"\/apoyo-extra-escolar\/wp-json\/wp\/v2\/pages\/8\" \/><input type=\"hidden\" name=\"yay_currency_current_url\" value=\"https:\/\/aprendeypasa.com\/apoyo-extra-escolar\/wp-json\/wp\/v2\/pages\/8\" \/>\t\t<select class='yay-currency-switcher' name='currency' onchange='this.form.submit()'>\n\t\t\t<option value=\"3061\"  selected='selected'><\/option><option value=\"3073\" ><\/option><option value=\"3072\" ><\/option>\t\t<\/select>\n\t<\/form>\n\t\n\t<div class=\"yay-currency-custom-select-wrapper medium   \">\n\t<div class=\"yay-currency-custom-select\">\n\t\t<div class=\"yay-currency-custom-select__trigger medium\">\n\t<div class=\"yay-currency-custom-selected-option\">\n\t\t<span style=\"background-image: url(https:\/\/aprendeypasa.com\/apoyo-extra-escolar\/wp-content\/plugins\/yaycurrency\/assets\/flags\/us.svg)\" class=\"yay-currency-flag selected medium\" data-country_code=\"us\"><\/span>\t\t<span class=\"yay-currency-selected-option\">\n\t\t\tUnited States dollar ($) - USD\t\t<\/span>\n\t<\/div>\n\t<div class=\"yay-currency-custom-arrow\">\n\t\t<svg xmlns=\"http:\/\/www.w3.org\/2000\/svg\" width=\"24\" height=\"24\" viewBox=\"0 0 24 24\" fill=\"none\" stroke=\"oklch(0.556 0 0)\" stroke-width=\"2\" stroke-linecap=\"round\" stroke-linejoin=\"round\" class=\"yay-currency-arrow-icon\" aria-hidden=\"true\"><path d=\"m6 9 6 6 6-6\"><\/path><\/svg>\n\t<\/div>\n\t<div class=\"yay-currency-custom-loader\"><\/div>\n<\/div>\n\t\t<ul class=\"yay-currency-custom-options\">\n\t<li class=\"yay-currency-id-3061 yay-currency-custom-option-row selected yay-currency-row-with-flag\" data-currency-id=\"3061\">\n\t\t<span style=\"background-image: url(https:\/\/aprendeypasa.com\/apoyo-extra-escolar\/wp-content\/plugins\/yaycurrency\/assets\/flags\/us.svg)\" class=\"yay-currency-flag medium\" data-country_code=\"us\"><\/span>\t\t<div class=\"yay-currency-custom-option medium\">\n\t\t\tUnited States dollar ($) - USD\t\t<\/div>\n\t\t\t\t\t<span class=\"yay-currency-selected-checked-icon\"><span aria-hidden=\"true\"><svg xmlns=\"http:\/\/www.w3.org\/2000\/svg\" width=\"16\" height=\"16\" viewBox=\"0 0 24 24\" fill=\"none\" stroke=\"#737373\" stroke-width=\"2\" stroke-linecap=\"round\" stroke-linejoin=\"round\" class=\"lucide lucide-check size-4\" aria-hidden=\"true\"><path d=\"M20 6 9 17l-5-5\"><\/path><\/svg><\/span><\/span>\n\t\t\t<\/li>\n\t<li class=\"yay-currency-id-3073 yay-currency-custom-option-row  yay-currency-row-with-flag\" data-currency-id=\"3073\">\n\t\t<span style=\"background-image: url(https:\/\/aprendeypasa.com\/apoyo-extra-escolar\/wp-content\/plugins\/yaycurrency\/assets\/flags\/eu.svg)\" class=\"yay-currency-flag medium\" data-country_code=\"eu\"><\/span>\t\t<div class=\"yay-currency-custom-option medium\">\n\t\t\tEuro (\u20ac) - EUR\t\t<\/div>\n\t\t\t<\/li>\n\t<li class=\"yay-currency-id-3072 yay-currency-custom-option-row  yay-currency-row-with-flag\" data-currency-id=\"3072\">\n\t\t<span style=\"background-image: url(https:\/\/aprendeypasa.com\/apoyo-extra-escolar\/wp-content\/plugins\/yaycurrency\/assets\/flags\/ve.svg)\" class=\"yay-currency-flag medium\" data-country_code=\"ve\"><\/span>\t\t<div class=\"yay-currency-custom-option medium\">\n\t\t\tBol\u00edvar venezolano (Bs.) - VES\t\t<\/div>\n\t\t\t<\/li>\n<\/ul>\n\t<\/div>\n<\/div>\n<\/div>\n\n<\/div>\n<\/div>\n\n\n<div class=\"woocommerce\"><\/div>\n\n\n\n<div style=\"height:50px\" aria-hidden=\"true\" class=\"wp-block-spacer\"><\/div>\n\n\n\n<div class=\"wp-block-columns is-layout-flex wp-container-core-columns-is-layout-28f84493 wp-block-columns-is-layout-flex\">\n<div class=\"wp-block-column is-layout-flow wp-block-column-is-layout-flow\" style=\"flex-basis:25%\"><\/div>\n\n\n\n<div class=\"wp-block-column is-layout-flow wp-block-column-is-layout-flow\" style=\"flex-basis:50%\">\n<h2 class=\"wp-block-heading has-text-align-center\">Muy importante<\/h2>\n\n\n\n<p class=\"has-text-align-center\"><strong>POR FAVOR LEER<\/strong><\/p>\n\n\n\n<p>1.- Realiza tu pedido aqu\u00ed. Rellena el formulario y haz clic en el boton que dice: &#8220;REALIZAR EL PEDIDO&#8221;<br>2.- Haz el pago (desde tu banco a nuestras cuentas que estan en &#8220;Notificaci\u00f3n de Pago&#8221;) y<br>3.- Avisa del pago en \u00abNotificaci\u00f3n de Pago\u00bb (en el men\u00fa principal o cabecera) este paso es muy importante, rellena el formulario y env\u00edalo, solo as\u00ed sabremos que hiciste el pago y activaremos tu orden o pedido.<\/p>\n<\/div>\n\n\n\n<div class=\"wp-block-column is-layout-flow wp-block-column-is-layout-flow\" style=\"flex-basis:25%\"><\/div>\n<\/div>\n\n\n\n<p><\/p>\n","protected":false},"excerpt":{"rendered":"<p>Tasa del d\u00eda del B.C.V. Muy importante POR FAVOR LEER 1.- Realiza tu pedido aqu\u00ed. Rellena el formulario y haz [&hellip;]<\/p>\n","protected":false},"author":1,"featured_media":0,"parent":0,"menu_order":0,"comment_status":"closed","ping_status":"closed","template":"","meta":{"_acf_changed":false,"_uag_custom_page_level_css":"","site-sidebar-layout":"default","site-content-layout":"","ast-site-content-layout":"default","site-content-style":"default","site-sidebar-style":"default","ast-global-header-display":"","ast-banner-title-visibility":"","ast-main-header-display":"","ast-hfb-above-header-display":"","ast-hfb-below-header-display":"","ast-hfb-mobile-header-display":"","site-post-title":"","ast-breadcrumbs-content":"","ast-featured-img":"","footer-sml-layout":"","ast-disable-related-posts":"","theme-transparent-header-meta":"","adv-header-id-meta":"","stick-header-meta":"","header-above-stick-meta":"","header-main-stick-meta":"","header-below-stick-meta":"","astra-migrate-meta-layouts":"default","ast-page-background-enabled":"default","ast-page-background-meta":{"desktop":{"background-color":"var(--ast-global-color-4)","background-image":"","background-repeat":"repeat","background-position":"center center","background-size":"auto","background-attachment":"scroll","background-type":"","background-media":"","overlay-type":"","overlay-color":"","overlay-opacity":"","overlay-gradient":""},"tablet":{"background-color":"","background-image":"","background-repeat":"repeat","background-position":"center center","background-size":"auto","background-attachment":"scroll","background-type":"","background-media":"","overlay-type":"","overlay-color":"","overlay-opacity":"","overlay-gradient":""},"mobile":{"background-color":"","background-image":"","background-repeat":"repeat","background-position":"center center","background-size":"auto","background-attachment":"scroll","background-type":"","background-media":"","overlay-type":"","overlay-color":"","overlay-opacity":"","overlay-gradient":""}},"ast-content-background-meta":{"desktop":{"background-color":"var(--ast-global-color-5)","background-image":"","background-repeat":"repeat","background-position":"center center","background-size":"auto","background-attachment":"scroll","background-type":"","background-media":"","overlay-type":"","overlay-color":"","overlay-opacity":"","overlay-gradient":""},"tablet":{"background-color":"var(--ast-global-color-5)","background-image":"","background-repeat":"repeat","background-position":"center center","background-size":"auto","background-attachment":"scroll","background-type":"","background-media":"","overlay-type":"","overlay-color":"","overlay-opacity":"","overlay-gradient":""},"mobile":{"background-color":"var(--ast-global-color-5)","background-image":"","background-repeat":"repeat","background-position":"center center","background-size":"auto","background-attachment":"scroll","background-type":"","background-media":"","overlay-type":"","overlay-color":"","overlay-opacity":"","overlay-gradient":""}},"footnotes":""},"class_list":["post-8","page","type-page","status-publish","hentry"],"acf":[],"uagb_featured_image_src":{"full":false,"thumbnail":false,"medium":false,"medium_large":false,"large":false,"1536x1536":false,"2048x2048":false,"woocommerce_thumbnail":false,"woocommerce_single":false,"woocommerce_gallery_thumbnail":false,"dgwt-wcas-product-suggestion":false},"uagb_author_info":{"display_name":"Aprende y Pasa","author_link":"https:\/\/aprendeypasa.com\/apoyo-extra-escolar\/author\/roberto\/"},"uagb_comment_info":0,"uagb_excerpt":"Tasa del d\u00eda del B.C.V. Muy importante POR FAVOR LEER 1.- Realiza tu pedido aqu\u00ed. Rellena el formulario y haz [&hellip;]","_links":{"self":[{"href":"https:\/\/aprendeypasa.com\/apoyo-extra-escolar\/wp-json\/wp\/v2\/pages\/8","targetHints":{"allow":["GET"]}}],"collection":[{"href":"https:\/\/aprendeypasa.com\/apoyo-extra-escolar\/wp-json\/wp\/v2\/pages"}],"about":[{"href":"https:\/\/aprendeypasa.com\/apoyo-extra-escolar\/wp-json\/wp\/v2\/types\/page"}],"author":[{"embeddable":true,"href":"https:\/\/aprendeypasa.com\/apoyo-extra-escolar\/wp-json\/wp\/v2\/users\/1"}],"replies":[{"embeddable":true,"href":"https:\/\/aprendeypasa.com\/apoyo-extra-escolar\/wp-json\/wp\/v2\/comments?post=8"}],"version-history":[{"count":6,"href":"https:\/\/aprendeypasa.com\/apoyo-extra-escolar\/wp-json\/wp\/v2\/pages\/8\/revisions"}],"predecessor-version":[{"id":4016,"href":"https:\/\/aprendeypasa.com\/apoyo-extra-escolar\/wp-json\/wp\/v2\/pages\/8\/revisions\/4016"}],"wp:attachment":[{"href":"https:\/\/aprendeypasa.com\/apoyo-extra-escolar\/wp-json\/wp\/v2\/media?parent=8"}],"curies":[{"name":"wp","href":"https:\/\/api.w.org\/{rel}","templated":true}]}}