{"id":227,"date":"2025-06-26T11:30:20","date_gmt":"2025-06-26T15:30:20","guid":{"rendered":"https:\/\/aprendeypasa.com\/clases-particulares-profesores-online\/?page_id=227"},"modified":"2025-06-30T11:44:15","modified_gmt":"2025-06-30T15:44:15","slug":"anuncia-tus-clases","status":"publish","type":"page","link":"https:\/\/aprendeypasa.com\/clases-particulares-profesores-online\/","title":{"rendered":"Anuncia tus clases"},"content":{"rendered":"\n<p><\/p>\n\n\n\n<h1 class=\"wp-block-heading has-text-align-center\">\u00a1Profesor anuncia tus clases particulares ya!<\/h1>\n\n\n\n<div style=\"height:50px\" aria-hidden=\"true\" class=\"wp-block-spacer\"><\/div>\n\n\n\n<div class=\"wp-block-columns is-layout-flex wp-container-core-columns-is-layout-9d6595d7 wp-block-columns-is-layout-flex\">\n<div class=\"wp-block-column is-layout-flow wp-block-column-is-layout-flow\"><\/div>\n\n\n\n<div class=\"wp-block-column is-layout-flow wp-block-column-is-layout-flow\">\n<div class=\"wp-block-buttons is-content-justification-center is-layout-flex wp-container-core-buttons-is-layout-16018d1d wp-block-buttons-is-layout-flex\">\n<div class=\"wp-block-button\"><a class=\"wp-block-button__link wp-element-button\" href=\"https:\/\/aprendeypasa.com\/clases-particulares-profesores-online\/account\/login\/?redirect=https%3A%2F%2Faprendeypasa.com%2Fclases-particulares-profesores-online%2Fsubmit-listing%2F\">Anuncia tus clases particulares <\/a><\/div>\n<\/div>\n<\/div>\n\n\n\n<div class=\"wp-block-column is-layout-flow wp-block-column-is-layout-flow\"><\/div>\n<\/div>\n\n\n\n<p class=\"has-text-align-center\"><strong>\ud83d\udd25 \u00a1\u00danete a nuestra comunidad de profesores y llena tu agenda de clases!<\/strong><\/p>\n\n\n\n<p class=\"has-text-align-center\">\u00bfEres profesor y quieres&nbsp;<strong>m\u00e1s alumnos sin complicaciones<\/strong>?<\/p>\n\n\n\n<p class=\"has-text-align-center\"><strong>Convierte tu pasi\u00f3n en ingresos estables con alumnos comprometidos<\/strong><\/p>\n\n\n\n<p class=\"has-text-align-center\">En&nbsp;<strong>Aprende y Pasa<\/strong>, ayudamos a profesores como t\u00fa a&nbsp;<strong>crecer sin l\u00edmites<\/strong>. Ofrece clases particulares en vivo, construye tu reputaci\u00f3n y<\/p>\n\n\n\n<p class=\"has-text-align-center\">&nbsp;<strong>llena tu calendario con estudiantes motivados<\/strong> con el&nbsp;mejor directorio educativo escolar&nbsp;de clases y profesores.<\/p>\n\n\n\n<div class=\"wp-block-columns is-layout-flex wp-container-core-columns-is-layout-9d6595d7 wp-block-columns-is-layout-flex\">\n<div class=\"wp-block-column is-layout-flow wp-block-column-is-layout-flow\"><\/div>\n\n\n\n<div class=\"wp-block-column is-layout-flow wp-block-column-is-layout-flow\">\n<div class=\"wp-block-buttons is-content-justification-center is-layout-flex wp-container-core-buttons-is-layout-16018d1d wp-block-buttons-is-layout-flex\">\n<div class=\"wp-block-button\"><a class=\"wp-block-button__link wp-element-button\">Anuncia tus clases particulares<\/a><\/div>\n<\/div>\n<\/div>\n\n\n\n<div class=\"wp-block-column is-layout-flow wp-block-column-is-layout-flow\"><\/div>\n<\/div>\n\n\n\n<h4 class=\"wp-block-heading has-text-align-center\"><strong>Beneficios exclusivos:<\/strong><\/h4>\n\n\n\n<p class=\"has-text-align-center\">\u2728\u00a0<strong>Conexi\u00f3n directa<\/strong>: Alumnos de todo el pa\u00eds te contactar\u00e1n\u00a0.<br>\u2728\u00a0<strong>Flexibilidad absoluta<\/strong>: Elige tus tarifas, horarios y m\u00e9todo de ense\u00f1anza.<br>\u2728\u00a0<strong>Perfil optimizado<\/strong>: Destaca tus logros, especialidades y estilo pedag\u00f3gico.<br>\u2728\u00a0<strong>Reservas autom\u00e1ticas<\/strong>: Los estudiantes pueden agendar contigo\u00a0<strong>en segundos, sin estr\u00e9s<\/strong> <strong>y con previo aviso.<\/strong><\/p>\n\n\n\n<p class=\"has-text-align-center\">\ud83d\udc49&nbsp;<strong>\u00a1No esperes m\u00e1s, reg\u00edstrate y aprovecha esta oportunidad!<\/strong><\/p>\n\n\n\n<p class=\"has-text-align-center\">\ud83d\ude80&nbsp;<strong>Comienza ahora<\/strong>: en menos de&nbsp;<strong>2 minutos<\/strong>&nbsp;puedes anunciar tus clases .<\/p>\n\n\n\n<p class=\"has-text-align-center\">\ud83d\udca1&nbsp;<strong>\u00bfListo para marcar la diferencia?<\/strong><\/p>\n\n\n\n<p class=\"has-text-align-center\"><strong>\u00bfListo para ense\u00f1ar y crecer?<\/strong><\/p>\n\n\n\n<p class=\"has-text-align-center\">\u00a1Empieza hoy mismo, los primeros 10 profesores son gratis! \ud83c\udf93\u2728<\/p>\n\n\n\n<div class=\"wp-block-columns is-layout-flex wp-container-core-columns-is-layout-9d6595d7 wp-block-columns-is-layout-flex\">\n<div class=\"wp-block-column is-layout-flow wp-block-column-is-layout-flow\"><\/div>\n\n\n\n<div class=\"wp-block-column is-layout-flow wp-block-column-is-layout-flow\">\n<div class=\"wp-block-buttons is-content-justification-center is-layout-flex wp-container-core-buttons-is-layout-16018d1d wp-block-buttons-is-layout-flex\">\n<div class=\"wp-block-button\"><a class=\"wp-block-button__link wp-element-button\" href=\"https:\/\/aprendeypasa.com\/clases-particulares-profesores-online\/account\/login\/?redirect=https%3A%2F%2Faprendeypasa.com%2Fclases-particulares-profesores-online%2Fsubmit-listing%2F\">Anuncia tus clases particulares <\/a><\/div>\n<\/div>\n<\/div>\n\n\n\n<div class=\"wp-block-column is-layout-flow wp-block-column-is-layout-flow\"><\/div>\n<\/div>\n\n\n\n<hr class=\"wp-block-separator has-alpha-channel-opacity\"\/>\n\n\n\n<p class=\"has-text-align-left\"><\/p>\n","protected":false},"excerpt":{"rendered":"<p>\u00a1Profesor anuncia tus clases particulares ya! \ud83d\udd25 \u00a1\u00danete a nuestra comunidad de profesores y llena tu agenda de clases! \u00bfEres profesor y quieres&nbsp;m\u00e1s alumnos sin complicaciones? Convierte tu pasi\u00f3n en ingresos estables con alumnos comprometidos En&nbsp;Aprende y Pasa, ayudamos a profesores como t\u00fa a&nbsp;crecer sin l\u00edmites. Ofrece clases particulares en vivo, construye tu reputaci\u00f3n y [&hellip;]<\/p>\n","protected":false},"author":1,"featured_media":0,"parent":0,"menu_order":0,"comment_status":"closed","ping_status":"closed","template":"","meta":{"footnotes":""},"class_list":["post-227","page","type-page","status-publish","hentry"],"_links":{"self":[{"href":"https:\/\/aprendeypasa.com\/clases-particulares-profesores-online\/wp-json\/wp\/v2\/pages\/227","targetHints":{"allow":["GET"]}}],"collection":[{"href":"https:\/\/aprendeypasa.com\/clases-particulares-profesores-online\/wp-json\/wp\/v2\/pages"}],"about":[{"href":"https:\/\/aprendeypasa.com\/clases-particulares-profesores-online\/wp-json\/wp\/v2\/types\/page"}],"author":[{"embeddable":true,"href":"https:\/\/aprendeypasa.com\/clases-particulares-profesores-online\/wp-json\/wp\/v2\/users\/1"}],"replies":[{"embeddable":true,"href":"https:\/\/aprendeypasa.com\/clases-particulares-profesores-online\/wp-json\/wp\/v2\/comments?post=227"}],"version-history":[{"count":15,"href":"https:\/\/aprendeypasa.com\/clases-particulares-profesores-online\/wp-json\/wp\/v2\/pages\/227\/revisions"}],"predecessor-version":[{"id":267,"href":"https:\/\/aprendeypasa.com\/clases-particulares-profesores-online\/wp-json\/wp\/v2\/pages\/227\/revisions\/267"}],"wp:attachment":[{"href":"https:\/\/aprendeypasa.com\/clases-particulares-profesores-online\/wp-json\/wp\/v2\/media?parent=227"}],"curies":[{"name":"wp","href":"https:\/\/api.w.org\/{rel}","templated":true}]}}